{"id":70,"date":"2018-01-31T14:57:19","date_gmt":"2018-01-31T14:57:19","guid":{"rendered":"http:\/\/ms-transporte.at\/?page_id=70"},"modified":"2025-09-30T13:07:33","modified_gmt":"2025-09-30T13:07:33","slug":"mesmerize","status":"publish","type":"page","link":"https:\/\/ms-transporte.at\/","title":{"rendered":"Front Page"},"content":{"rendered":"<div  data-label=\"HOME\" data-id=\"overlappable-4\" data-export-id=\"overlappable-4\" data-category=\"overlappable\" class=\"overlappable-4 content-section content-section-spacing\" data-overlap=\"true\" id=\"home\" style=\"background-color: rgb(245, 250, 253); background-image: none;\"> <div  class=\"gridContainer\"> <div  data-type=\"row\" class=\"row spaced-cols text-center\"> <div  class=\"col-xs-12 col-sm-4 col-padding\"> <i  class=\"fa icon shadow-large-black aligncenter color1 fa-clock-o reverse round large\"> <\/i> <div  data-type=\"column\" class=\"\"> <h5  class=\"\"><span  style=\"font-family: arial, helvetica, sans-serif;\">RUND UM DIE UHR<\/span><\/h5> <p  class=\"\"><span  style=\"font-family: tahoma, arial, helvetica, sans-serif;\"> Zustellungen und Transporte sind von 0-24 Uhr auch am Wochenende und an Feiertagen m\u00f6glich.<\/span> <\/p> <\/div> <\/div> <div  class=\"col-xs-12 col-sm-4 col-padding\"> <i  class=\"fa icon shadow-large-black aligncenter color1 fa-truck reverse round large\"> <\/i> <div  data-type=\"column\" class=\"\"> <h5  class=\"\"><span  style=\"font-family: arial, helvetica, sans-serif;\">INDIVIDUELL<\/span><\/h5> <p  class=\"\"><span  style=\"font-family: tahoma, arial, helvetica, sans-serif;\">Unser Unternehmen bietet Ihnen individuelle und ma\u00dfgeschneiderte Transportl\u00f6sungen. Ihr Auftrag wird ohne Umwege, Zwischenstopps und Lagerungen ans Ziel gebracht.<\/span><\/p> <\/div> <\/div>  <div  class=\"col-xs-12 col-sm-4 col-padding\"> <i  class=\"fa icon shadow-large-black aligncenter color1 fa-handshake-o reverse round large\"> <\/i> <div  data-type=\"column\" class=\"\"> <h5  class=\"\"><span  style=\"font-family: arial, helvetica, sans-serif;\">KUNDENFREUNDLICH<\/span><\/h5> <p  class=\"\"><span  style=\"font-family: tahoma, arial, helvetica, sans-serif;\"> Wir sind Ansprechpartner f\u00fcr Firmen und Privatpersonen und bieten zu fairen Preisen f\u00fcr jede logistische Herausforderung die passende L\u00f6sung.<\/span> <\/p> <\/div> <\/div><\/div> <\/div> <\/div><div  data-label=\"UEBER\" data-id=\"about-9\" data-export-id=\"about-9\" data-category=\"about\" class=\"about-9 content-section content-section-spacing\" id=\"ueber-1\" style=\"background-color: rgb(255, 255, 255); background-image: none;\"> <div  class=\"gridContainer\"> <div  class=\"row middle-sm text-center\"> <div  class=\"col-sm-5 space-bottom-xs content-column content-right-sm\" data-type=\"column\"> <h5  class=\"\"><span  style=\"font-family: arial, helvetica, sans-serif;\">\u00dcBER UNS<\/span><\/h5> <h2  class=\"\"><span  style=\"font-family: arial, helvetica, sans-serif;\">MARTIN SCHMIDHOFER TRANSPORTE E.U.<\/span><\/h2> <p  class=\"\"><span  style=\"font-family: tahoma, arial, helvetica, sans-serif;\"> Martin Schmidhofer Transporte e.U. ist ein im J\u00e4nner 2018 gegr\u00fcndetes G\u00fcterbef\u00f6rderungsgewerbe mit Sitz in Veitsch in der Steiermark. Unsere T\u00e4tigkeit ist die G\u00fcterbef\u00f6rderung mit einem Kraftfahrzeug bis 3,5t h\u00f6chst zul\u00e4ssiges Gesamtgewicht.<\/span><\/p>  <h4  style=\"text-align: right;\" class=\"\"><span  style=\"font-family: arial, helvetica, sans-serif;\">I<span  style=\"font-weight: 700;\">mpressum und Datenschutz:\n<\/span><\/span><\/h4><a  class=\"button color1\" href=\"https:\/\/ms-transporte.at\/wp-content\/uploads\/2022\/07\/Impressum-2022.pdf\" target=\"_blank\" data-cp-link=\"1\" data-icon=\"\" rel=\"noopener\">Impressum<\/a><a  class=\"button color1\" href=\"https:\/\/ms-transporte.at\/wp-content\/uploads\/2022\/07\/MS-Transporte-Datenschutz.pdf\" target=\"_self\" data-cp-link=\"1\" data-icon=\"\" rel=\"noopener\">Datenschutz<\/a><\/div> <div  class=\"col-sm-7 flexbox flexbox middle-xs center-xs\"> <div  class=\"overlay-box flexbox middle-xs center-xs overlay-holder \"> <div  class=\"overlay-box-offset offset-background shadow-medium bg-color2 hide-xs\"><\/div> <img decoding=\"async\"  class=\"flexbox shadow-large img1\" src=\"https:\/\/ms-transporte.at\/wp-content\/uploads\/2018\/01\/cropped-Grassauer_Karin_0105R-250x250-1.jpg\"> <\/div> <\/div> <\/div> <\/div> <\/div><div  data-label=\"Features\" data-id=\"features-12-card-bordered\" data-export-id=\"features-12-card-bordered\" data-category=\"features\" class=\"features-12-card-bordered content-section content-section-spacing \" id=\"features-3\" style=\"background-color: rgb(245, 250, 253);\"> <div  class=\"gridContainer\"> <div  class=\"row text-center\"> <div  class=\"section-title-col\" data-type=\"column\"> <h2  class=\"\"><span  style=\"font-family: arial, helvetica, sans-serif;\">LEISTUNGEN<\/span><\/h2> <p  class=\"lead\"><span  style=\"font-family: tahoma, arial, helvetica, sans-serif;\">Wir garantieren einen schnellen, p\u00fcnktlichen und zuverl\u00e4ssigen Transport Ihrer Ware und durch unseren Direkttransport auch eine schonende Lieferung, da keine weiteren Umladungen oder Zwischenlagerungen auf dem Transportweg stattfinden.<\/span><\/p> <\/div> <\/div> <div  class=\"row spaced-cols\" data-type=\"row\"> <div  class=\"col-sm-6 col-md-6 \"> <div  class=\"card row-card bordered y-move\"> <div  class=\"row\"> <div  class=\"col-sm-fit icon-column\"> <i  class=\"fa icon color2 fa-arrow-right bordered round\"> <\/i> <\/div> <div  class=\"col-sm\" data-type=\"column\"> <h5  class=\"color2\"><span  style=\"font-family: arial, helvetica, sans-serif;\">NATIONAL UND INTERNATIONAL<\/span><\/h5> <p  class=\"\"><span  style=\"font-family: tahoma, arial, helvetica, sans-serif;\">Durch unsere EU-Gemeinschaftslizenz sind wir berechtigt grenz\u00fcberschreitenden G\u00fcterverkehr bis 3,5t durchzuf\u00fchren. Unsere T\u00e4tigkeiten beschr\u00e4nken sich daher nicht nur auf \u00d6sterreich, sondern wir sind im gesamten europ\u00e4ischen Raum f\u00fcr Sie unterwegs.<\/span> <\/p> <\/div> <\/div> <\/div> <\/div> <div  class=\"col-sm-6 col-md-6 \"> <div  class=\"card row-card bordered y-move\"> <div  class=\"row\"> <div  class=\"col-sm-fit icon-column\"> <i  class=\"fa icon color2 fa-arrow-right bordered round\"> <\/i> <\/div> <div  class=\"col-sm\" data-type=\"column\"> <h5  class=\"color2\"><span  style=\"font-family: arial, helvetica, sans-serif;\">BESORGUNGSFAHRTEN<\/span><\/h5> <p  class=\"\"><span  style=\"font-family: tahoma, arial, helvetica, sans-serif;\">Gerne k\u00fcmmern wir uns um Ihre Eink\u00e4ufe und anfallende Erledigungen. Wir besorgen Ihre Wocheneink\u00e4ufe bringen Pakete zur Post oder transportieren Ihr kaputtes Haushaltsger\u00e4t zur Reparatur.<\/span><\/p> <\/div> <\/div> <\/div> <\/div> <div  class=\"col-sm-6 col-md-6 \"> <div  class=\"card row-card bordered y-move\"> <div  class=\"row\"> <div  class=\"col-sm-fit icon-column\"> <i  class=\"fa icon color2 fa-arrow-right bordered round\"> <\/i> <\/div> <div  class=\"col-sm\" data-type=\"column\"> <h5  class=\"color2\"><span  style=\"font-family: arial, helvetica, sans-serif;\">KURIER- UND EXPRESSDIENST (SAME DAY)<\/span><\/h5> <p  class=\"\"><span  style=\"font-family: tahoma, arial, helvetica, sans-serif;\">Wenn\u00b4s mal schnell gehen muss, sind wir f\u00fcr Sie der perfekte Ansprechpartner. Mit unserem Kurier- und Expressdienst transportieren wir Ihre Briefe, Pakete und Lieferungen schnell, pers\u00f6nlich und vertraulich, direkt (ohne Zwischenstopps und Lagerung) an den Empf\u00e4nger. Mit der Same Day-Option garantieren wir Ihnen sogar eine Zustellung am gleichen Tag. W\u00e4hrend des gesamten Transports stehen wir Ihnen f\u00fcr Fragen \u00fcber Ankunft und Standort uvm. zur Verf\u00fcgung. Auf Wunsch senden wir Ihnen auch gerne eine Ankunftsbest\u00e4tigung per SMS oder Mail zu.<\/span><\/p> <\/div> <\/div> <\/div> <\/div> <div  class=\"col-sm-6 col-md-6 \"> <div  class=\"card row-card bordered y-move\"> <div  class=\"row\"> <div  class=\"col-sm-fit icon-column\"> <i  class=\"fa icon color2 fa-arrow-right bordered round\"> <\/i> <\/div> <div  class=\"col-sm\" data-type=\"column\"> <h5  class=\"color2\"><span  style=\"font-family: arial, helvetica, sans-serif;\">OVERNIGHT TRANSPORTE<\/span><\/h5> <p  class=\"\">I<span  style=\"font-family: tahoma, arial, helvetica, sans-serif;\">n Zeiten der modernen und schnellen Kommunikation geh\u00f6rt auch eine schnelle und zuverl\u00e4ssige Zustellungen von Sendungen zur oft gew\u00fcnschten und bevorzugten Transportvariante. Durch unseren Overnight-Service garantieren wir Ihnen bei Abholung am Abend eine europaweite Zustellung. Durch Direktfahren werden Wartezeiten und Zwischenlagerungen vermieden und Ihre Sendung findet so schnell wie m\u00f6glich auf direktem Weg zum Empf\u00e4nger. Auf Wunsch bieten wir auch Pr\u00fcfungen der Identit\u00e4t des Empf\u00e4ngers oder eine Empfangsbest\u00e4tigung an.<\/span><\/p> <\/div> <\/div> <\/div> <\/div> <div  class=\"col-sm-6 col-md-6\"> <div  class=\"card row-card bordered y-move\"> <div  class=\"row\"> <div  class=\"col-sm-fit icon-column\"> <i  class=\"fa icon color2 fa-arrow-right bordered round\"> <\/i> <\/div> <div  class=\"col-sm\" data-type=\"column\"> <h5  class=\"color2\"><span  style=\"font-family: arial, helvetica, sans-serif;\">BOTENDIENSTE UND DOKUMENTENBEF\u00d6RDERUNG<\/span><\/h5> <p  class=\"\"><span  style=\"font-family: tahoma, arial, helvetica, sans-serif;\">Wir holen ab, wir stellen zu. Eine schnelle und praktische L\u00f6sung f\u00fcr Firmen und Privatpersonen ihre Boteng\u00e4nge zu erledigen. Wir transportieren 24 Stunden t\u00e4glich und sind auch am Wochenende und an Feiertagen f\u00fcr Sie da.<\/span> <\/p> <\/div> <\/div> <\/div> <\/div><div  class=\"col-sm-6 col-md-6\"> <div  class=\"card row-card bordered y-move\"> <div  class=\"row\"> <div  class=\"col-sm-fit icon-column\"> <i  class=\"fa icon color2 fa-arrow-right bordered round\"> <\/i> <\/div> <div  class=\"col-sm\" data-type=\"column\"> <h5  class=\"color2\"><span  style=\"font-family: arial, helvetica, sans-serif;\">SONDERFAHRTEN<\/span><\/h5> <p  class=\"\"><span  style=\"font-family: tahoma, arial, helvetica, sans-serif;\">Egal ob vergessenes Gep\u00e4ck am Flughafen abzuholen, n\u00e4chtliche Lieferungen f\u00fcr Ihr Fest oder Aushilfsfahrten in Ihrer Firma. Sie k\u00f6nnen sich auf uns verlassen. Wir unterst\u00fctzen Sie gerne und bieten jedem Kunden die passende logistische L\u00f6sung an.<\/span> <\/p> <\/div> <\/div> <\/div> <\/div><div  class=\"col-sm-6 col-md-6\"> <div  class=\"card row-card bordered y-move\"> <div  class=\"row\"> <div  class=\"col-sm-fit icon-column\"> <i  class=\"fa icon color2 fa-arrow-right bordered round\"> <\/i> <\/div> <div  class=\"col-sm\" data-type=\"column\"> <h5  class=\"color2\"><span  style=\"font-family: arial, helvetica, sans-serif;\">MOTORRADTRANSPORTE<\/span><\/h5> <p  class=\"\">Gerne bringen wir Ihr Motorrad zur gew\u00fcnschten Werkstatt oder \u00fcbernehmen f\u00fcr Sie \u00dcberstellungen jeglicher Art. Durch unsere spezielle Ausr\u00fcstung mit hochwertiger Ladungssicherung garantieren wir eine zuverl\u00e4ssige und sichere \u00dcberstellung.<\/p> <\/div> <\/div> <\/div> <\/div><div  class=\"col-sm-6 col-md-6\"> <div  class=\"card row-card bordered y-move\"> <div  class=\"row\"> <div  class=\"col-sm-fit icon-column\"> <i  class=\"fa icon color2 fa-arrow-right bordered round\"> <\/i> <\/div> <div  class=\"col-sm\" data-type=\"column\"> <h5  class=\"color2\"><span  style=\"font-family: arial, helvetica, sans-serif;\">FESTTOUREN<\/span><\/h5> <p  class=\"\"><span  style=\"font-family: tahoma, arial, helvetica, sans-serif;\">Sie haben Auftr\u00e4ge auf monatlicher, w\u00f6chentlicher oder t\u00e4glicher Basis? Wir freuen uns auf die Zusammenarbeit mit Ihnen. <\/span><\/p> <\/div> <\/div> <\/div> <\/div><\/div> <\/div> <\/div><div  data-label=\"QUALIT\u00c4T\" data-id=\"about-undefined\" data-export-id=\"about-9\" data-category=\"about\" class=\"about-9 content-section content-section-spacing\" id=\"qualitaet\" style=\"background-color: rgb(255, 255, 255); background-image: none;\"> <div  class=\"gridContainer\"> <div  class=\"row middle-sm text-center\"> <div  class=\"col-sm-5 space-bottom-xs content-column content-right-sm\" data-type=\"column\"> <h5  class=\"\"><span  style=\"font-family: arial, helvetica, sans-serif;\">QUALIT\u00c4T<\/span><\/h5> <h2  class=\"\"><span  style=\"font-family: arial, helvetica, sans-serif;\">FUHRPARK UND VERSICHERUNG<\/span><\/h2><p  class=\"\" style=\"text-align: right;\"><span  style=\"font-family: tahoma, arial, helvetica, sans-serif;\">Unser Fuhrpark besteht aus einem Mercedes-Benz Sprinter CDI 313, der mit 130 PS, einem Ladegewicht von 1,2 Tonnen und einer Ladefl\u00e4che von 3,2 x 1,75 Metern f\u00fcr jeden Kleintransport die optimale L\u00f6sung darstellt. Unser Unternehmen ist mit einer Betriebshaftpflicht und CMR-Versicherung versichert.<\/span><\/p>   <a  class=\"button color1\" href=\"https:\/\/ms-transporte.at\/wp-content\/uploads\/2022\/07\/MST_AGB.pdf\" target=\"_blank\" data-cp-link=\"1\" data-icon=\"\" rel=\"noopener\">Unsere AGB<\/a><\/div> <div  class=\"col-sm-7 flexbox flexbox middle-xs center-xs\"> <div  class=\"overlay-box flexbox middle-xs center-xs overlay-holder \"> <div  class=\"overlay-box-offset offset-background shadow-medium bg-color2 hide-xs\"><\/div> <img decoding=\"async\"  class=\"flexbox shadow-large img1\" src=\"https:\/\/ms-transporte.at\/wp-content\/uploads\/2018\/02\/cropped-IMG_20180208_155305_114-1.jpg\"> <\/div> <\/div> <\/div> <\/div> <\/div><div  data-label=\"KONTAKT\" data-id=\"contact-5\" data-export-id=\"contact-5\" data-category=\"contact\" class=\"contact-5 content-section content-section-spacing\" id=\"kontakt\" style=\"background-color: rgb(245, 250, 253); background-image: none;\"> <div  class=\"gridContainer\"> <div  class=\"row text-center\"> <div  class=\"section-title-col\" data-type=\"column\"> <h2  class=\"\"><span  style=\"font-family: arial, helvetica, sans-serif;\">KONTAKT<\/span><\/h2> <p  class=\"lead\"><span  style=\"font-family: arial, helvetica, sans-serif;\">SO ERREICHEN SIE UNS!<\/span><\/p> <\/div> <\/div> <div  class=\"row middle-sm\"> <div  class=\"col-xs-12 col-sm-6 image-holder space-bottom-xs\"> <img decoding=\"async\"  src=\"https:\/\/ms-transporte.at\/wp-content\/uploads\/2018\/01\/cropped-MST-Logo3-1-6.png\"> <\/div> <div  class=\"col-xs-12 col-sm-6\"> <div  class=\"row middle-sm\"> <div  data-type=\"column\" class=\"col-xs-12 space-bottom-small\">  <\/div> <\/div> <div  class=\"row middle-sm\" data-type=\"row\"> <div  class=\"col-xs-12 space-bottom-small\"> <div  class=\"row\"> <div  data-type=\"column\" class=\"col-xs-12 col-sm-fit label-col\"> <h5  class=\"\"><span  style=\"font-family: arial, helvetica, sans-serif;\">Adresse:<\/span><\/h5> <\/div> <div  data-type=\"column\" class=\"col-xs-12 col-sm\"> <p  class=\"\"><span  style=\"font-family: tahoma, arial, helvetica, sans-serif;\">Karnersiedlung 4<\/span><br ><span  style=\"font-family: tahoma, arial, helvetica, sans-serif;\">8663 Veitsch \n<\/span><br ><span  style=\"font-family: tahoma, arial, helvetica, sans-serif;\">\u00d6sterreich<\/span><\/p> <\/div> <\/div> <\/div> <div  class=\"col-xs-12 space-bottom-small\"> <div  class=\"row\"> <div  data-type=\"column\" class=\"col-xs-12 col-sm-fit label-col\"> <h5  class=\"\"><span  style=\"font-family: arial, helvetica, sans-serif;\">Telefon:<\/span><\/h5> <\/div> <div  data-type=\"column\" class=\"col-xs-12 col-sm\"> <p  class=\"\"><span  style=\"font-family: tahoma, arial, helvetica, sans-serif;\">+43 650 4905591\n<\/span><\/p> <\/div> <\/div> <\/div> <div  class=\"col-xs-12 space-bottom-small\"> <div  class=\"row\"> <div  data-type=\"column\" class=\"col-xs-12 col-sm-fit label-col\"> <h5  class=\"\"><span  style=\"font-family: arial, helvetica, sans-serif;\">Email:<\/span><\/h5> <\/div> <div  data-type=\"column\" class=\"col-xs-12 col-sm\"> <a  href=\"mailto:office@ms-transporte.at\" class=\"\" target=\"_blank\" data-cp-link=\"1\" rel=\"noopener\">office@ms-transporte.at<\/a> <\/div> <\/div> <\/div> <div  class=\"col-xs-12 space-bottom-small\"> <div  class=\"row\"> <div  data-type=\"column\" class=\"col-xs-12 col-sm-fit label-col\"> <h5  class=\"\"><span  style=\"font-family: arial, helvetica, sans-serif;\">Follow us:<\/span><\/h5> <\/div> <div  data-type=\"column\" class=\"col-xs-12 col-sm\"> <div  data-type=\"group\" class=\"\"> <a  href=\"#\" target=\"_self\" data-reiki-hidden=\"true\" rel=\"noopener\"><i  class=\"fa icon small fa-twitter-square color1\"><\/i><\/a> <a  href=\"https:\/\/www.facebook.com\/schmidhofertransporte\" target=\"_blank\" class=\"\" rel=\"noopener\"><i  class=\"fa icon small fa-facebook-square color1\"><\/i><\/a> <a  href=\"https:\/\/www.instagram.com\/martinschmidhofertransporte\" target=\"_self\" class=\"\" rel=\"noopener\"><i  class=\"fa icon small fa-instagram color1\"><\/i><\/a> <a  href=\"#\" target=\"_self\" data-reiki-hidden=\"true\" rel=\"noopener\"><i  class=\"fa icon small fa-rss color1\"><\/i><\/a> <\/div> <\/div> <\/div> <\/div> <div  class=\"col-xs-12 space-bottom-small\"> <div  class=\"row\"> <div  data-type=\"column\" class=\"col-xs-12 col-sm-fit label-col\"> <h5  class=\"\"><span  style=\"font-family: arial, helvetica, sans-serif;\">UID:<\/span><\/h5> <\/div> <div  data-type=\"column\" class=\"col-xs-12 col-sm\"> <p  class=\"\"><span  style=\"font-family: tahoma, arial, helvetica, sans-serif;\">ATU72911548<\/span><\/p> <\/div> <\/div> <\/div><div  class=\"col-xs-12 space-bottom-small\"> <div  class=\"row\"> <div  data-type=\"column\" class=\"col-xs-12 col-sm-fit label-col\"> <h5  class=\"\"><span  style=\"font-family: arial, helvetica, sans-serif;\">Bank:<\/span><\/h5> <\/div> <div  data-type=\"column\" class=\"col-xs-12 col-sm\"> <p  class=\"\"><span  style=\"font-family: tahoma, arial, helvetica, sans-serif;\">Steierm\u00e4rkische Sparkasse<\/span><br ><span  style=\"font-family: tahoma, arial, helvetica, sans-serif;\">AT24 2081 5000 4196 0352<\/span><br ><span  style=\"font-family: tahoma, arial, helvetica, sans-serif;\">STSPAT2GXXX<\/span><\/p> <\/div> <\/div> <\/div><div  class=\"col-xs-12 space-bottom-small\"> <div  class=\"row\"> <div  data-type=\"column\" class=\"col-xs-12 col-sm-fit label-col\"> <h5  class=\"\"><span  style=\"font-family: arial, helvetica, sans-serif;\">FBN:<\/span><\/h5> <\/div> <div  data-type=\"column\" class=\"col-xs-12 col-sm\"> <p  class=\"\"><span  style=\"font-family: tahoma, arial, helvetica, sans-serif;\">485222m<\/span><\/p> <\/div> <\/div> <\/div><div  class=\"col-xs-12 space-bottom-small\"> <div  class=\"row\"> <div  data-type=\"column\" class=\"col-xs-12 col-sm-fit label-col\"><a  class=\"button big color1\" href=\"https:\/\/firmen.wko.at\/Web\/DetailsKontakt.aspx?FirmaID=507df9c4-d614-4028-abb6-09b21aa92d8b\" target=\"_blank\" data-cp-link=\"1\" data-icon=\"\" rel=\"noopener\">WKO Firmendaten<\/a>  <\/div> <div  data-type=\"column\" class=\"col-xs-12 col-sm\"> <p  class=\"\"><\/p> <\/div> <\/div> <\/div><\/div> <\/div> <\/div> <\/div> <\/div>","protected":false},"excerpt":{"rendered":"<p>RUND UM DIE UHR Zustellungen und Transporte sind von 0-24 Uhr auch am Wochenende und an Feiertagen m\u00f6glich. INDIVIDUELL Unser Unternehmen bietet Ihnen individuelle und ma\u00dfgeschneiderte Transportl\u00f6sungen. Ihr Auftrag wird ohne Umwege, Zwischenstopps und Lagerungen ans Ziel gebracht. KUNDENFREUNDLICH Wir sind Ansprechpartner f\u00fcr Firmen und Privatpersonen und bieten zu fairen Preisen f\u00fcr jede logistische Herausforderung&hellip; <br \/> <a class=\"read-more\" href=\"https:\/\/ms-transporte.at\/\">Weiterlesen<\/a><\/p>\n","protected":false},"author":1,"featured_media":0,"parent":0,"menu_order":0,"comment_status":"closed","ping_status":"closed","template":"page-templates\/homepage.php","meta":{"footnotes":""},"class_list":["post-70","page","type-page","status-publish","hentry"],"_links":{"self":[{"href":"https:\/\/ms-transporte.at\/index.php?rest_route=\/wp\/v2\/pages\/70","targetHints":{"allow":["GET"]}}],"collection":[{"href":"https:\/\/ms-transporte.at\/index.php?rest_route=\/wp\/v2\/pages"}],"about":[{"href":"https:\/\/ms-transporte.at\/index.php?rest_route=\/wp\/v2\/types\/page"}],"author":[{"embeddable":true,"href":"https:\/\/ms-transporte.at\/index.php?rest_route=\/wp\/v2\/users\/1"}],"replies":[{"embeddable":true,"href":"https:\/\/ms-transporte.at\/index.php?rest_route=%2Fwp%2Fv2%2Fcomments&post=70"}],"version-history":[{"count":43,"href":"https:\/\/ms-transporte.at\/index.php?rest_route=\/wp\/v2\/pages\/70\/revisions"}],"predecessor-version":[{"id":245,"href":"https:\/\/ms-transporte.at\/index.php?rest_route=\/wp\/v2\/pages\/70\/revisions\/245"}],"wp:attachment":[{"href":"https:\/\/ms-transporte.at\/index.php?rest_route=%2Fwp%2Fv2%2Fmedia&parent=70"}],"curies":[{"name":"wp","href":"https:\/\/api.w.org\/{rel}","templated":true}]}}